{"id":44,"date":"2010-05-17T13:15:00","date_gmt":"2010-05-17T13:15:00","guid":{"rendered":"http:\/\/betafiles.berg.fo\/?page_id=44"},"modified":"2010-12-20T22:18:48","modified_gmt":"2010-12-20T22:18:48","slug":"hjalti-i-jakupsstovu","status":"publish","type":"page","link":"https:\/\/betafiles.fo\/?page_id=44","title":{"rendered":"Hjalti i J\u00e1kupsstovu"},"content":{"rendered":"<p>L\u00f3gin um vinnuligan fiskiskap fyri F\u00f8royar sta\u00f0festir ma \u00ed \u00a72 \u201c\u2026 Dentur ver\u00f0ur lagdur \u00e1 at varveita tilfeingi\u00f0 og at troyta hetta bur\u00f0ardygt \u00e1 skilabesta h\u00e1tt, l\u00edvfr\u00f8\u00f0iliga og b\u00faskaparliga\u2026\u201d Til tess at uppfylla hesi kr\u00f8v er ney\u00f0ugt at gera metingar \u00e1 v\u00edsindaligum st\u00f8\u00f0i.<\/p>\n<p>Stovnsmetingar av ymisku fiskastovnunum byggja av fleiri ors\u00f8kum \u00e1 sera \u00f3viss vi\u00f0urskifti. T\u00e6r n\u00e1tt\u00farugivnu umst\u00f8\u00f0urnar \u00ed sj\u00f3num broytast alla t\u00ed\u00f0ina, so ta\u00f0 er sera torf\u00f8rt at \u00e6tla um framt\u00ed\u00f0ina. Fyri nakrar stovnar er vitanin um fer\u00f0amynstri\u00f0 ikki n\u00f3g g\u00f3\u00f0, og fyri allar stovnar broytist tann \u00e1rligi v\u00f8ksturin vi\u00f0 framlei\u00f0sluni av f\u00f8\u00f0i \u00ed \u00f8kinum, r\u00e1nsfiskur og sj\u00fakur hava ymisk \u00e1rin fr\u00e1 \u00e1ri til \u00e1r, og n\u00e1tt\u00farligur dey\u00f0i broytist samsvarandi.<\/p>\n<p>Stovnsmetingar av botnfiskasl\u00f8gunum toskur, h\u00fdsa og upsi undir F\u00f8royum byggja \u00e1 tr\u00edggjar sj\u00e1lvst\u00f8\u00f0ugar st\u00e1plar.<\/p>\n<ul>\n<li>a) Stakroyndir fr\u00e1 landingum fr\u00e1 fiskiskapinum av longd, vekt og nitrum fyri at sta\u00f0festa v\u00f8kstur, kynsb\u00faning og aldurin \u00e1 teimum ymisku\u00a0 fiskasl\u00f8gunum. Hesi t\u00f8l eru t\u00f8k fr\u00e1 1961.<\/li>\n<li>b) Yvirlitstrolingar vi\u00f0 botntroli tv\u00e6r reisur um \u00e1ri\u00f0 vi\u00f0 ranns\u00f3knarskipinum Magnusi Heinason. Fr\u00e1 1983 hv\u00f8rt v\u00e1r og fr\u00e1 1996 b\u00e6\u00f0i v\u00e1r og heyst.<\/li>\n<li>c) Uppl\u00fdsingar fr\u00e1 vei\u00f0idagb\u00f3kum hj\u00e1 serst\u00f8kum skipum.<\/li>\n<\/ul>\n<p>Harumframt hava umhv\u00f8rviskanningar vaksandi t\u00fddning fyri at meta um, hvussu hetta \u00e1virkar fiskastovnarnar.<\/p>\n<p>Nakrar av teimum mest t\u00fd\u00f0andi uppl\u00fdsingunum koma fr\u00e1 vei\u00f0idagb\u00f3kunum hj\u00e1 Cubatrolarunum, sum eru fr\u00e1 fyrst \u00ed 1980-\u00e1runum. Hesi 8 systurskipini hava veri\u00f0 \u00ed sama rei\u00f0ar\u00edi \u00f8ll \u00e1rini, \u00ed somu vei\u00f0i, \u00e1 somu fiskilei\u00f0um og vi\u00f0 sama slag av fiskirei\u00f0skapi. Hesar uppl\u00fdsingar gera ta\u00f0 m\u00f8guligt at greina vei\u00f0ina \u00e1 ymiskan h\u00e1tt og fr\u00e1 ymiskum sj\u00f3narhornum. St\u00f8rsta t\u00fddning fyri stovnsmetingina hevur vei\u00f0a per t\u00ed\u00f0areind og \u00e1rgangssamansetingin av ymisku fiskasl\u00f8gunum. Fiskiranns\u00f3knarstovan hevur n\u00fdtt vei\u00f0idagb\u00f8kurnar hj\u00e1 Cuba-trolarunum til \u00e1rligu metingarnar tey seinastu mongu \u00e1rini (ICES, 2005). Men tilfari\u00f0 kann eisini n\u00fdtast til at granska mong onnur ting. Menning og betran av fiskirei\u00f0skapi og a\u00f0rari t\u00f8kniligari \u00fatger\u00f0 er eitt d\u00f8mi; onnur kunnu vera hv\u00f8nn t\u00fddning skiparin hevur fyri g\u00f3\u00f0an fiskiskap, og st\u00f8\u00f0ufesti hj\u00e1 manningini o.a.<\/p>\n<p>Bjarti Thomsen (2005) hevur kanna\u00f0 gongdina hj\u00e1 Cuba-trolarunum yvir t\u00ed\u00f0 fyri at greina hugtaki\u00f0 \u201ctechnological creeping\u201d. Hetta hevur serligan \u00e1huga fyri F\u00f8royar, sum hevur fiskidagar sum grundarlag undir fiskiskipanini \u00edsta\u00f0in fyri TAC (mest loyvda vei\u00f0in\u00f8gd).<\/p>\n<p>At enda kann sigast, at uppl\u00fdsingarnar hj\u00e1 Cuba-trolarunum hava st\u00f3rt vir\u00f0i \u00ed samband vi\u00f0 at kanna f\u00f8royska fiskiskapin.<\/p>\n<p style=\"text-align: right;\">Hjalti i J\u00e1kupsstovu, stj\u00f3ri, Fiskiranns\u00f3knarstovan.<\/p>\n","protected":false},"excerpt":{"rendered":"<p>L\u00f3gin um vinnuligan fiskiskap fyri F\u00f8royar sta\u00f0festir ma \u00ed \u00a72 \u201c\u2026 Dentur ver\u00f0ur lagdur \u00e1 at varveita tilfeingi\u00f0 og at troyta hetta bur\u00f0ardygt \u00e1 skilabesta h\u00e1tt, l\u00edvfr\u00f8\u00f0iliga og b\u00faskaparliga\u2026\u201d Til tess at uppfylla hesi kr\u00f8v er ney\u00f0ugt at gera metingar \u00e1 v\u00edsindaligum st\u00f8\u00f0i.<\/p>\n<p>Stovnsmetingar av ymisku fiskastovnunum byggja av fleiri ors\u00f8kum \u00e1 sera \u00f3viss vi\u00f0urskifti. [&#8230;]<\/p>\n","protected":false},"author":1,"featured_media":0,"parent":2,"menu_order":0,"comment_status":"closed","ping_status":"closed","template":"","meta":{"footnotes":""},"class_list":["post-44","page","type-page","status-publish","hentry","odd"],"_links":{"self":[{"href":"https:\/\/betafiles.fo\/index.php?rest_route=\/wp\/v2\/pages\/44","targetHints":{"allow":["GET"]}}],"collection":[{"href":"https:\/\/betafiles.fo\/index.php?rest_route=\/wp\/v2\/pages"}],"about":[{"href":"https:\/\/betafiles.fo\/index.php?rest_route=\/wp\/v2\/types\/page"}],"author":[{"embeddable":true,"href":"https:\/\/betafiles.fo\/index.php?rest_route=\/wp\/v2\/users\/1"}],"replies":[{"embeddable":true,"href":"https:\/\/betafiles.fo\/index.php?rest_route=%2Fwp%2Fv2%2Fcomments&post=44"}],"version-history":[{"count":4,"href":"https:\/\/betafiles.fo\/index.php?rest_route=\/wp\/v2\/pages\/44\/revisions"}],"predecessor-version":[{"id":69,"href":"https:\/\/betafiles.fo\/index.php?rest_route=\/wp\/v2\/pages\/44\/revisions\/69"}],"up":[{"embeddable":true,"href":"https:\/\/betafiles.fo\/index.php?rest_route=\/wp\/v2\/pages\/2"}],"wp:attachment":[{"href":"https:\/\/betafiles.fo\/index.php?rest_route=%2Fwp%2Fv2%2Fmedia&parent=44"}],"curies":[{"name":"wp","href":"https:\/\/api.w.org\/{rel}","templated":true}]}}