{"id":41,"date":"2010-05-17T13:13:39","date_gmt":"2010-05-17T13:13:39","guid":{"rendered":"http:\/\/betafiles.berg.fo\/?page_id=41"},"modified":"2010-12-20T22:09:11","modified_gmt":"2010-12-20T22:09:11","slug":"kjartan-kristiansen","status":"publish","type":"page","link":"https:\/\/betafiles.fo\/?page_id=41","title":{"rendered":"Kjartan Kristiansen"},"content":{"rendered":"<p>P\/f Beta er uttan iva eitt eind\u00f8mi \u00ed nor\u00f0ur atlantiskari fiskivinnus\u00f8gu. \u00cd skj\u00f3tt tr\u00edati \u00e1r hevur felagi\u00f0 megna\u00f0 at riki\u00f0 l\u00f8nandi botnfiskatrolvei\u00f0u \u00e1\u00a0 einum avmarka\u00f0um \u00f8ki \u00e1 f\u00f8royska sj\u00f3\u00f8kinum vi\u00f0 somu skipum eftir st\u00f3rt s\u00e6\u00f0 sama fiskaslagi. \u00cd sj\u00e1lvum s\u00e6r er s\u00f8gan um P\/f Beta t\u00ed eitt\u00a0 \u00e1hugavert \u201cmanagement case\u201d.<\/p>\n<p>Hesi tr\u00edati \u00e1rini hava ikki veri\u00f0 uttan \u00f3gvusligan turbulens. Ein alt ov st\u00f3rur fiskivei\u00f0ufloti hevur til t\u00ed\u00f0ir roynt vi\u00f0 somu \u00fatger\u00f0 \u00e1 f\u00f8royska sj\u00f3\u00f8kinum vi\u00f0 m\u00f8guligum kollapsi av fiskastovnunum sum \u00farslit. Somu tr\u00edati \u00e1r hava \u00ed f\u00f8royska samfelagnum veri\u00f0 merkt av \u00f3gvusligari\u00a0 almennari satsing og \u00f8konomiskari katastrofu.<\/p>\n<p>Yvirliving \u00ed sl\u00edkum turbulensi hevur ikki veri\u00f0 gj\u00f8rlig uttan neyva og st\u00f8\u00f0uga skr\u00e1seting av \u00f8llum teimum faktorum, sum \u00e1virka vei\u00f0u\u00fatlit og\u00a0 rakstur av skipum undir skiftandi umst\u00f8\u00f0um. G\u00f3\u00f0i skiparin kannar og skr\u00e1setir sj\u00f3varhita, botnvi\u00f0urskifti, \u201cskriving\u201d, \u00e1rst\u00ed\u00f0 o.s.fr., \u00e1\u00f0renn hann byrjar at trola. Hann skr\u00e1setir \u00f8ll vi\u00f0urskifti vi\u00f0v\u00edkjandi t\u00f3vinum, herundir hvussu dr\u00fagtta\u00f0 var og hvat ta\u00f0 gav \u00ed n\u00f8gd og slagi. Skr\u00e1setingarnar gerast partur av vitanarkapitalinum hj\u00e1 honum. Av t\u00ed at summir skiparar gera meira, og a\u00f0rir minni burtur \u00far skr\u00e1seting, hevur P\/F Beta sum fyrit\u00f8ka fyriskriva\u00f0 og samskipa\u00f0 arbei\u00f0i\u00f0, og felagi\u00f0 hevur savna\u00f0, skr\u00e1sett og skipa\u00f0 alla hesa vitan og eyka um hana vi\u00f0 at lata \u00f8ll skipini hj\u00e1 s\u00e6r gera n\u00fdtslu av henni.<\/p>\n<p>\u00c1 sama h\u00e1tt hevur P\/F Beta samskipa\u00f0 skr\u00e1seting av \u00f8llum uppl\u00fdsingum, sum vi\u00f0v\u00edkja \u00fatrei\u00f0slunum hj\u00e1 skipunum til orkun\u00fdtslu, rei\u00f0skap, vistir o.m.a. sum av hesari skr\u00e1seting er n\u00fdtt \u00ed st\u00f8\u00f0utakan um eitt n\u00fa at fara yvir til partroling, me\u00f0an anna\u00f0 er br\u00fakt \u00ed vanligari \u00fatrei\u00f0slust\u00fdring.<\/p>\n<p>Ongin skr\u00e1seting gevur bert eina uppl\u00fdsing, og t\u00ed gevur ta\u00f0 savn av data sum P\/F Beta hevur bygt upp \u00ed skj\u00f3tt tr\u00edati \u00e1r eitt hav av uppl\u00fdsing \u00fat um ta\u00f0 \u00farval sum felagi\u00f0 hevur br\u00fakt \u00ed s\u00ednari st\u00fdring. Savni\u00f0 hevur veri\u00f0 kent millum fiskivinnugranskarar, men \u00fat um henda kring, i\u00f0 kann vera naka\u00f0 einv\u00edsur \u00ed s\u00ednum \u00e1huga, hevur savni\u00f0 veri\u00f0 heldur \u00f3kent. At ta\u00f0 n\u00fa ver\u00f0ur bj\u00f3\u00f0a\u00f0 granskarum t\u00f8kt at n\u00fdta, fer v\u00f3nandi at b\u00f8ta um henda \u00f3kunnleika og f\u00e1a n\u00fdggja gransking \u00ed gongd. \u00cd umhv\u00f8rvinum rundan um Beta er ein h\u00f3pur av fyrit\u00f8kum sum, sj\u00e1lvt um tey ikki hava so fullf\u00edggja\u00f0a skr\u00e1seting, gera eina enn brei\u00f0ari gransking m\u00f8guliga.<\/p>\n<p>Menningarstovan heldur ongan iva vera um at ein altj\u00f3\u00f0a granskingardepil \u00e1 h\u00e6gsta st\u00f8\u00f0i kann ver\u00f0a bygdur upp um hetta grundarlag. Eitt n\u00fa \u00e1tti savni\u00f0 at veri\u00f0 eitt gulln\u00e1m fyri gransking innan sustainability, v.\u00f8.o. samanfatandi gransking av umhv\u00f8rvi (tilfeingi og tilfeingisr\u00f8kt), b\u00faskapi (management og l\u00f8nsemi \u00ed fiskivinnu) og sosialum vi\u00f0urskiftum (l\u00fdsing av manning, samfelagnum, familjuvi\u00f0urskiftum v.m.).<\/p>\n<p>Menningarstovan setir t\u00ed st\u00f3rar v\u00f3nir til ta vitan, i\u00f0 ein samvinna millum f\u00f8royska og \u00fatlendska gransking kann draga burtur \u00far hesum savni og teimum s\u00f8vnum sum beinlei\u00f0is og \u00f3beinlei\u00f0is eru kn\u00fdtt at t\u00ed.<\/p>\n<p style=\"text-align: right;\">Kjartan Kristiansen, stj\u00f3ri, Menningarstovan.<\/p>\n","protected":false},"excerpt":{"rendered":"<p>P\/f Beta er uttan iva eitt eind\u00f8mi \u00ed nor\u00f0ur atlantiskari fiskivinnus\u00f8gu. \u00cd skj\u00f3tt tr\u00edati \u00e1r hevur felagi\u00f0 megna\u00f0 at riki\u00f0 l\u00f8nandi botnfiskatrolvei\u00f0u \u00e1 einum avmarka\u00f0um \u00f8ki \u00e1 f\u00f8royska sj\u00f3\u00f8kinum vi\u00f0 somu skipum eftir st\u00f3rt s\u00e6\u00f0 sama fiskaslagi. \u00cd sj\u00e1lvum s\u00e6r er s\u00f8gan um P\/f Beta t\u00ed eitt \u00e1hugavert \u201cmanagement case\u201d.<\/p>\n<p>Hesi tr\u00edati \u00e1rini hava ikki [&#8230;]<\/p>\n","protected":false},"author":1,"featured_media":0,"parent":2,"menu_order":0,"comment_status":"closed","ping_status":"closed","template":"","meta":{"footnotes":""},"class_list":["post-41","page","type-page","status-publish","hentry","odd"],"_links":{"self":[{"href":"https:\/\/betafiles.fo\/index.php?rest_route=\/wp\/v2\/pages\/41","targetHints":{"allow":["GET"]}}],"collection":[{"href":"https:\/\/betafiles.fo\/index.php?rest_route=\/wp\/v2\/pages"}],"about":[{"href":"https:\/\/betafiles.fo\/index.php?rest_route=\/wp\/v2\/types\/page"}],"author":[{"embeddable":true,"href":"https:\/\/betafiles.fo\/index.php?rest_route=\/wp\/v2\/users\/1"}],"replies":[{"embeddable":true,"href":"https:\/\/betafiles.fo\/index.php?rest_route=%2Fwp%2Fv2%2Fcomments&post=41"}],"version-history":[{"count":6,"href":"https:\/\/betafiles.fo\/index.php?rest_route=\/wp\/v2\/pages\/41\/revisions"}],"predecessor-version":[{"id":52,"href":"https:\/\/betafiles.fo\/index.php?rest_route=\/wp\/v2\/pages\/41\/revisions\/52"}],"up":[{"embeddable":true,"href":"https:\/\/betafiles.fo\/index.php?rest_route=\/wp\/v2\/pages\/2"}],"wp:attachment":[{"href":"https:\/\/betafiles.fo\/index.php?rest_route=%2Fwp%2Fv2%2Fmedia&parent=41"}],"curies":[{"name":"wp","href":"https:\/\/api.w.org\/{rel}","templated":true}]}}