{"id":3,"date":"2010-05-03T22:12:21","date_gmt":"2010-05-03T22:12:21","guid":{"rendered":"http:\/\/betafiles.berg.fo\/?page_id=3"},"modified":"2010-12-20T21:40:07","modified_gmt":"2010-12-20T21:40:07","slug":"forsi%c3%b0a","status":"publish","type":"page","link":"https:\/\/betafiles.fo\/","title":{"rendered":"Fors\u00ed\u00f0a"},"content":{"rendered":"<p>Stutt kann sigast at P\/f Beta hevur riki\u00f0 trolarar, sum eru systurskip, \u00ed meira enn 25 \u00e1r til \u00edsfisk undir F\u00f8royum vi\u00f0 n\u00f8krum f\u00e1um undant\u00f8kum. Nakrir f\u00e1ir t\u00farar eru gj\u00f8rdir \u00ed Nor\u00f0sj\u00f3num. Fiskiskapurin hevur veri\u00f0 eftir botnfiskasl\u00f8gum, har upsi hevur veri\u00f0 tr\u00edggir fj\u00f3r\u00f0apartar av vei\u00f0ini.<\/p>\n<p>Teir byrja\u00f0u fiskiskapin vi\u00f0 vanligum botntroli, men aftan \u00e1 f\u00e1 \u00e1r var\u00f0 lagt um til partroling. Vi\u00f0 hesum 8 skipunum hevur veri\u00f0 roynt alla t\u00ed\u00f0ina \u00e1 einari avmarka\u00f0ari fiskilei\u00f0.<\/p>\n<p>Umst\u00f8\u00f0urnar fyri at reka henda fiskiskap hava veri\u00f0 broyttar fr\u00e1 t\u00ed\u00f0 til a\u00f0ra, m.a. ymiskar stongdar lei\u00f0ir fyri at\u00a0\u00a0 verja ungfisk, at geva g\u00fdtingarlei\u00f0um fri\u00f0, at separera millum vei\u00f0ih\u00e6ttir, at fri\u00f0a koralriv, verja m\u00f3ti ovvei\u00f0i, broyttar meskav\u00edddir.<\/p>\n<p>Ein partur av tilfarinum er talgilt, og ta\u00f0 er g\u00f3\u00f0ur m\u00f8guleiki at gera alt talgilt, um t\u00f8rvur er \u00e1 t\u00ed. Alt tilfari\u00f0 kundi veri\u00f0 n\u00fdtt sum ein databasa, sum kundi\u00a0 skapt eitt granskingarumhv\u00f8rvi vi\u00f0 m\u00f8guleika fyri samarbei\u00f0i millum t\u00e6r ymisku greinarnar innan fiskivinnugransking.<\/p>\n<p>Tilfari\u00f0 er at finna \u00ed einum \u00f8ki av landinum har b\u00e6\u00f0i fiskivinna og onnur vinna er sera aktiv. Vit nevna n\u00f8kur \u00f8ki ni\u00f0anfyri, har hetta tilfar kann geva eitt \u00edkast til gransking, sum ikki er l\u00e6tt at finna a\u00f0rasta\u00f0ni:<\/p>\n<ul>\n<li>Ta\u00f0 er sj\u00e1ldan at skj\u00f8l ver\u00f0a goymd so leingi.<\/li>\n<li>Hetta eru skip, sum eru sama slag og vi\u00f0 somu \u00fatger\u00f0 (systurskip).<\/li>\n<li>Tey hava veri\u00f0 \u00ed sama fiskiskapi alla t\u00ed\u00f0ina.<\/li>\n<li>Tey hava roynt \u00e1 teimum somu avmarka\u00f0u lei\u00f0unum alla t\u00ed\u00f0ina.<\/li>\n<li>Tey hava veri\u00f0 \u00ed sama rei\u00f0ar\u00edi alla t\u00ed\u00f0ina.<\/li>\n<li>Ta\u00f0 er l\u00edtil ivi um, at vei\u00f0it\u00f8l, fiskasl\u00f8g og avrei\u00f0ingar eru eftirfarandi.<\/li>\n<li>Tey l\u00f8gdu um fr\u00e1 singletroling til partroling.<\/li>\n<li>Tey hava roynt undir \u00f3kvotera\u00f0um vei\u00f0ireglum.<\/li>\n<li>Tey hava roynt undir kvotaskipan.<\/li>\n<li>Tey hava roynt undir fiskidagaskipan.<\/li>\n<li>Fr\u00e1 s\u00ed\u00f0st \u00ed 2002 er fari\u00f0 undir at skifta gomlu skipini \u00fat vi\u00f0 n\u00fdggj.<\/li>\n<li>\u00cd framt\u00ed\u00f0ini kann f\u00e1ast at vita, hvussu tey gomlu skipini hava veri\u00f0 \u00ed mun til n\u00fdggj skip.<\/li>\n<\/ul>\n","protected":false},"excerpt":{"rendered":"<p>Stutt kann sigast at P\/f Beta hevur riki\u00f0 trolarar, sum eru systurskip, \u00ed meira enn 25 \u00e1r til \u00edsfisk undir F\u00f8royum vi\u00f0 n\u00f8krum f\u00e1um undant\u00f8kum. Nakrir f\u00e1ir t\u00farar eru gj\u00f8rdir \u00ed Nor\u00f0sj\u00f3num. Fiskiskapurin hevur veri\u00f0 eftir botnfiskasl\u00f8gum, har upsi hevur veri\u00f0 tr\u00edggir fj\u00f3r\u00f0apartar av vei\u00f0ini.<\/p>\n<p>Teir byrja\u00f0u fiskiskapin vi\u00f0 vanligum botntroli, men aftan \u00e1 f\u00e1 [&#8230;]<\/p>\n","protected":false},"author":1,"featured_media":0,"parent":0,"menu_order":1,"comment_status":"closed","ping_status":"closed","template":"","meta":{"footnotes":""},"class_list":["post-3","page","type-page","status-publish","hentry","odd"],"_links":{"self":[{"href":"https:\/\/betafiles.fo\/index.php?rest_route=\/wp\/v2\/pages\/3","targetHints":{"allow":["GET"]}}],"collection":[{"href":"https:\/\/betafiles.fo\/index.php?rest_route=\/wp\/v2\/pages"}],"about":[{"href":"https:\/\/betafiles.fo\/index.php?rest_route=\/wp\/v2\/types\/page"}],"author":[{"embeddable":true,"href":"https:\/\/betafiles.fo\/index.php?rest_route=\/wp\/v2\/users\/1"}],"replies":[{"embeddable":true,"href":"https:\/\/betafiles.fo\/index.php?rest_route=%2Fwp%2Fv2%2Fcomments&post=3"}],"version-history":[{"count":9,"href":"https:\/\/betafiles.fo\/index.php?rest_route=\/wp\/v2\/pages\/3\/revisions"}],"predecessor-version":[{"id":9,"href":"https:\/\/betafiles.fo\/index.php?rest_route=\/wp\/v2\/pages\/3\/revisions\/9"}],"wp:attachment":[{"href":"https:\/\/betafiles.fo\/index.php?rest_route=%2Fwp%2Fv2%2Fmedia&parent=3"}],"curies":[{"name":"wp","href":"https:\/\/api.w.org\/{rel}","templated":true}]}}