{"id":2,"date":"2010-05-02T22:22:17","date_gmt":"2010-05-02T22:22:17","guid":{"rendered":"http:\/\/betafiles.berg.fo\/?page_id=2"},"modified":"2010-12-20T21:47:11","modified_gmt":"2010-12-20T21:47:11","slug":"about","status":"publish","type":"page","link":"https:\/\/betafiles.fo\/?page_id=2","title":{"rendered":"Um BETA FILES"},"content":{"rendered":"<p>Beta hevur riki\u00f0 8 trolarar til \u00edsfisk undir F\u00f8royum s\u00ed\u00f0ani 1978\u2014teir sokalla\u00f0u Cuba-trolararnar\u2014 sum eru systurskip. Nakrir f\u00e1ir t\u00farar eru gj\u00f8rdir \u00ed Nor\u00f0sj\u00f3num. Fiskiskapurin hevur veri\u00f0 eftir botnfiskasl\u00f8gum, og upsi er ta\u00f0 fiskaslagi\u00f0 sum mest hevur veri\u00f0 veitt av. Tr\u00edggjar m\u00e1na\u00f0ar \u00ed 1998 veiddu tveir av trolarunum gulllaks. \u00cd dag eru allir trolararnir skiftir \u00fat vi\u00f0 meira n\u00fdm\u00f3tans skip, men \u00f8ll skj\u00f8lini hj\u00e1 rei\u00f0ar\u00ednum eru var\u00f0veidd s\u00ed\u00f0ani byrjan. Tey eru partv\u00eds talgild, men eru annars \u00f8ll \u00ed papp\u00edrformi. Skjalagoymslan inniheldur alt sum ein fyrit\u00f8ka krevur fyri at ver\u00f0a rikin skilagott, t.d. avrei\u00f0ingarse\u00f0lar, fakturar av ymiskum slag, landingarkostna\u00f0, manningarpartar, proviant, eykalutir, brennievni, fiskirei\u00f0skap, harumframt skipsdagb\u00f8kur, tekningar, s\u00e1ttm\u00e1lar og a\u00f0rar avtalur, samskifti vi\u00f0 stovnar og fel\u00f8g, b\u00e6\u00f0i almenn og privat. Eisini eru neyv hagt\u00f8l um vei\u00f0i, fiskasl\u00f8g og pr\u00edsir, og yvir innt\u00f8kur og \u00fatrei\u00f0slur av ymiskum slag. <\/p>\n<p>Vi\u00f0 t\u00ed \u00ed huga at skj\u00f8lini kunnu hava \u00e1huga sum grundarlag fyri gransking, var\u00f0 avgj\u00f8rt at var\u00f0veita tey, t.d. til v\u00edsindaf\u00f3lk, n\u00e6mingar ella onnur sum kunnu hugsast at n\u00fdta skj\u00f8lini ella partar av teimum \u00ed teirra arbei\u00f0i. Olaf Olsen, sum var vi\u00f0 til at stovna felagi\u00f0 og hevur veri\u00f0 stj\u00f3ri ta\u00f0 mesta av t\u00ed\u00f0ini, hevur lagt \u00e1her\u00f0slu \u00e1 at halda fram vi\u00f0 at goyma \u00f8ll skj\u00f8l sum koma afturat, solei\u00f0is at tey kunnu vera t\u00f8k til m\u00f8guliga v\u00edsindaliga vi\u00f0ger\u00f0. Tey kunnu eisini vera grundarlag undir \u00edt\u00f8kiligum uppl\u00fdsingum til m\u00e1l, sum n\u00f8kur kunnu hava \u00e1huga fyri at kanna.<\/p>\n","protected":false},"excerpt":{"rendered":"<p>Beta hevur riki\u00f0 8 trolarar til \u00edsfisk undir F\u00f8royum s\u00ed\u00f0ani 1978\u2014teir sokalla\u00f0u Cuba-trolararnar\u2014 sum eru systurskip. Nakrir f\u00e1ir t\u00farar eru gj\u00f8rdir \u00ed Nor\u00f0sj\u00f3num. Fiskiskapurin hevur veri\u00f0 eftir botnfiskasl\u00f8gum, og upsi er ta\u00f0 fiskaslagi\u00f0 sum mest hevur veri\u00f0 veitt av. Tr\u00edggjar m\u00e1na\u00f0ar \u00ed 1998 veiddu tveir av trolarunum gulllaks. \u00cd dag eru allir trolararnir skiftir \u00fat [&#8230;]<\/p>\n","protected":false},"author":1,"featured_media":0,"parent":0,"menu_order":3,"comment_status":"closed","ping_status":"closed","template":"","meta":{"footnotes":""},"class_list":["post-2","page","type-page","status-publish","hentry","odd"],"_links":{"self":[{"href":"https:\/\/betafiles.fo\/index.php?rest_route=\/wp\/v2\/pages\/2","targetHints":{"allow":["GET"]}}],"collection":[{"href":"https:\/\/betafiles.fo\/index.php?rest_route=\/wp\/v2\/pages"}],"about":[{"href":"https:\/\/betafiles.fo\/index.php?rest_route=\/wp\/v2\/types\/page"}],"author":[{"embeddable":true,"href":"https:\/\/betafiles.fo\/index.php?rest_route=\/wp\/v2\/users\/1"}],"replies":[{"embeddable":true,"href":"https:\/\/betafiles.fo\/index.php?rest_route=%2Fwp%2Fv2%2Fcomments&post=2"}],"version-history":[{"count":8,"href":"https:\/\/betafiles.fo\/index.php?rest_route=\/wp\/v2\/pages\/2\/revisions"}],"predecessor-version":[{"id":61,"href":"https:\/\/betafiles.fo\/index.php?rest_route=\/wp\/v2\/pages\/2\/revisions\/61"}],"wp:attachment":[{"href":"https:\/\/betafiles.fo\/index.php?rest_route=%2Fwp%2Fv2%2Fmedia&parent=2"}],"curies":[{"name":"wp","href":"https:\/\/api.w.org\/{rel}","templated":true}]}}