{"id":16,"date":"2010-05-05T09:29:38","date_gmt":"2010-05-05T08:29:38","guid":{"rendered":"http:\/\/betafiles.berg.fo\/?page_id=16"},"modified":"2010-05-17T13:24:22","modified_gmt":"2010-05-17T13:24:22","slug":"hvat-kann-tilfari%c3%b0-nytast-til","status":"publish","type":"page","link":"https:\/\/betafiles.fo\/?page_id=16","title":{"rendered":"Hvat kann tilfari\u00f0 n\u00fdtast til?"},"content":{"rendered":"<p>Alt eftir, hvat ein vil vita, so kann tilfari\u00f0  n\u00fdtast til at finna \u00fatav hvussu ymisk vi\u00f0urskiftir hava \u00e1virka\u00f0 og ver\u00f0a  \u00e1virka\u00f0i av t.d. ni\u00f0anfyri nevndu parametrum:<\/p>\n<ol>\n<li>Fiskiskapur og fiskasl\u00f8g<\/li>\n<li>Fiskapr\u00edsir og s\u00f8luvir\u00f0i<\/li>\n<li>Vei\u00f0ih\u00e1ttur<\/li>\n<li>Fiskirei\u00f0skapur (menning av trolum o.\u00f8.)<\/li>\n<li>Vei\u00f0iorka<\/li>\n<li>Vei\u00f0itr\u00fdst<\/li>\n<li>Skiparaeffektur<\/li>\n<li>Menning av elektroniskari \u00fatger\u00f0<\/li>\n<li>Virking av fiski umbor\u00f0<\/li>\n<li>Manningarmynstur<\/li>\n<li>Heilsa og trygd<\/li>\n<li>Kostvanar hj\u00e1 manningini<\/li>\n<li>Havbotnur og havumhv\u00f8rvi<\/li>\n<li>Umhv\u00f8rvi \u00ed a\u00f0rar m\u00e1tar<\/li>\n<li>Fiskilei\u00f0ir<\/li>\n<li>Fiskastovnar og reguleringar<\/li>\n<li>Fiskast\u00f8ddir og fiskav\u00f8kstur<\/li>\n<li>Fiskagongd<\/li>\n<li>Vei\u00f0ir\u00e1\u00f0geving<\/li>\n<li>Stovnskanningar<\/li>\n<li>Steinging og upplating av \u00e1v\u00edsum fiskilei\u00f0um<\/li>\n<li>Tekniskar reguleringar: meskav\u00edddir og skiljiristir<\/li>\n<li>Sammeting vi\u00f0 a\u00f0rar vei\u00f0ih\u00e6ttir<\/li>\n<li>Rakstrar\u00farslit og kostna\u00f0arst\u00f8\u00f0i<\/li>\n<li>Oljun\u00fdtsla<\/li>\n<li>Avleitt virksemi<\/li>\n<li>Onnur samfelags\u00e1rin.<\/li>\n<\/ol>\n","protected":false},"excerpt":{"rendered":"<p>Alt eftir, hvat ein vil vita, so kann tilfari\u00f0 n\u00fdtast til at finna \u00fatav hvussu ymisk vi\u00f0urskiftir hava \u00e1virka\u00f0 og ver\u00f0a \u00e1virka\u00f0i av t.d. ni\u00f0anfyri nevndu parametrum:<\/p>\n<p> Fiskiskapur og fiskasl\u00f8g Fiskapr\u00edsir og s\u00f8luvir\u00f0i Vei\u00f0ih\u00e1ttur Fiskirei\u00f0skapur (menning av trolum o.\u00f8.) Vei\u00f0iorka Vei\u00f0itr\u00fdst Skiparaeffektur Menning av elektroniskari \u00fatger\u00f0 Virking av fiski umbor\u00f0 Manningarmynstur Heilsa og trygd Kostvanar [&#8230;]<\/p>\n","protected":false},"author":1,"featured_media":0,"parent":0,"menu_order":2,"comment_status":"closed","ping_status":"closed","template":"","meta":{"footnotes":""},"class_list":["post-16","page","type-page","status-publish","hentry","odd"],"_links":{"self":[{"href":"https:\/\/betafiles.fo\/index.php?rest_route=\/wp\/v2\/pages\/16","targetHints":{"allow":["GET"]}}],"collection":[{"href":"https:\/\/betafiles.fo\/index.php?rest_route=\/wp\/v2\/pages"}],"about":[{"href":"https:\/\/betafiles.fo\/index.php?rest_route=\/wp\/v2\/types\/page"}],"author":[{"embeddable":true,"href":"https:\/\/betafiles.fo\/index.php?rest_route=\/wp\/v2\/users\/1"}],"replies":[{"embeddable":true,"href":"https:\/\/betafiles.fo\/index.php?rest_route=%2Fwp%2Fv2%2Fcomments&post=16"}],"version-history":[{"count":11,"href":"https:\/\/betafiles.fo\/index.php?rest_route=\/wp\/v2\/pages\/16\/revisions"}],"predecessor-version":[{"id":47,"href":"https:\/\/betafiles.fo\/index.php?rest_route=\/wp\/v2\/pages\/16\/revisions\/47"}],"wp:attachment":[{"href":"https:\/\/betafiles.fo\/index.php?rest_route=%2Fwp%2Fv2%2Fmedia&parent=16"}],"curies":[{"name":"wp","href":"https:\/\/api.w.org\/{rel}","templated":true}]}}