{"id":11,"date":"2010-05-05T08:53:43","date_gmt":"2010-05-05T08:53:43","guid":{"rendered":"http:\/\/betafiles.berg.fo\/?page_id=11"},"modified":"2010-12-20T21:54:34","modified_gmt":"2010-12-20T21:54:34","slug":"joan-pauli-joensen","status":"publish","type":"page","link":"https:\/\/betafiles.fo\/?page_id=11","title":{"rendered":"J\u00f3an Pauli Joensen"},"content":{"rendered":"<p>&#8220;\u00cd framl\u00f8guni av Beta Files Skj\u00f8l fr\u00e1 Partafelagnum Beta sum granskingartilfar hevur Olaf Olsen \u00ed or\u00f0um, grafikki og fotomyndum givi\u00f0 eina sera g\u00f3\u00f0a l\u00fdsing av innihaldinum \u00ed skjalasavninum og hann l\u00fdsir eisini, hv\u00f8rir m\u00f8guleikar eru at br\u00faka hetta skjalasavn. Her er lei\u00f0beining um tilfar at granska \u00ed hj\u00e1 samfelagsfr\u00f8\u00f0ingum, antropologum, etnologum, s\u00f8gufr\u00f8\u00f0ingum, fiskifr\u00f8\u00f0ingum, b\u00faskaparfr\u00f8\u00f0ingum, t\u00f8knifr\u00f8\u00f0ingum, matfr\u00f8\u00f0ingum og fleiri \u00f8\u00f0rum. Her er r\u00edkiligt av tilfari til b\u00e6\u00f0i masterritger\u00f0ir og Ph.D.-ritger\u00f0ir.<\/p>\n<p>Skjalasavni\u00f0 og tilfari\u00f0 \u00ed savninum er av sl\u00edkum slag, at ta\u00f0 eisini hevur altj\u00f3\u00f0a \u00e1huga, t\u00ed er b\u00f3klingurin eisini givin \u00fat \u00e1 enskum. Ta\u00f0 er at v\u00f3na, at granskarar b\u00e6\u00f0i \u00ed F\u00f8royum og a\u00f0rasta\u00f0ni \u00ed heiminum s\u00edggja m\u00f8guleikarnar og vir\u00f0i\u00f0 \u00ed hesum skjalasavni og n\u00fdta tilfari\u00f0 til gransking, sum kann svara n\u00f3gvum spurningum, samstundis sum ta\u00f0 kann f\u00f8ra til a\u00f0rar og st\u00f8rri verk\u00e6tlanir.<\/p>\n<p>Ta\u00f0 er heilt einastandandi av einum manni at hava hugsa\u00f0 so skilagott, at dokumentera virksemi\u00f0 hj\u00e1 8 trolarum so v\u00e6l \u00ed yvir 20 \u00e1r. Eisini at gera ta\u00f0 granskingarkl\u00e1rt, er eitt uppaftur st\u00f8rri avrik.&#8221;<\/p>\n<p style=\"text-align: right;\">J\u00f3an Pauli Joensen<\/p>\n<p style=\"text-align: right;\">Professari, dr. phil. &amp; fil. dr. rektari \u00e1 Fr\u00f8\u00f0skaparsetri F\u00f8roya<\/p>\n","protected":false},"excerpt":{"rendered":"<p>&#8220;\u00cd framl\u00f8guni av Beta Files Skj\u00f8l fr\u00e1 Partafelagnum Beta sum granskingartilfar hevur Olaf Olsen \u00ed or\u00f0um, grafikki og fotomyndum givi\u00f0 eina sera g\u00f3\u00f0a l\u00fdsing av innihaldinum \u00ed skjalasavninum og hann l\u00fdsir eisini, hv\u00f8rir m\u00f8guleikar eru at br\u00faka hetta skjalasavn. Her er lei\u00f0beining um tilfar at granska \u00ed hj\u00e1 samfelagsfr\u00f8\u00f0ingum, antropologum, etnologum, s\u00f8gufr\u00f8\u00f0ingum, fiskifr\u00f8\u00f0ingum, b\u00faskaparfr\u00f8\u00f0ingum, t\u00f8knifr\u00f8\u00f0ingum, [&#8230;]<\/p>\n","protected":false},"author":1,"featured_media":0,"parent":2,"menu_order":0,"comment_status":"closed","ping_status":"closed","template":"","meta":{"footnotes":""},"class_list":["post-11","page","type-page","status-publish","hentry","odd"],"_links":{"self":[{"href":"https:\/\/betafiles.fo\/index.php?rest_route=\/wp\/v2\/pages\/11","targetHints":{"allow":["GET"]}}],"collection":[{"href":"https:\/\/betafiles.fo\/index.php?rest_route=\/wp\/v2\/pages"}],"about":[{"href":"https:\/\/betafiles.fo\/index.php?rest_route=\/wp\/v2\/types\/page"}],"author":[{"embeddable":true,"href":"https:\/\/betafiles.fo\/index.php?rest_route=\/wp\/v2\/users\/1"}],"replies":[{"embeddable":true,"href":"https:\/\/betafiles.fo\/index.php?rest_route=%2Fwp%2Fv2%2Fcomments&post=11"}],"version-history":[{"count":5,"href":"https:\/\/betafiles.fo\/index.php?rest_route=\/wp\/v2\/pages\/11\/revisions"}],"predecessor-version":[{"id":63,"href":"https:\/\/betafiles.fo\/index.php?rest_route=\/wp\/v2\/pages\/11\/revisions\/63"}],"up":[{"embeddable":true,"href":"https:\/\/betafiles.fo\/index.php?rest_route=\/wp\/v2\/pages\/2"}],"wp:attachment":[{"href":"https:\/\/betafiles.fo\/index.php?rest_route=%2Fwp%2Fv2%2Fmedia&parent=11"}],"curies":[{"name":"wp","href":"https:\/\/api.w.org\/{rel}","templated":true}]}}